{"id":2,"date":"2020-01-20T00:23:17","date_gmt":"2020-01-19T23:23:17","guid":{"rendered":"https:\/\/sportjournal.pictures\/press\/?page_id=2"},"modified":"2025-11-06T21:30:32","modified_gmt":"2025-11-06T20:30:32","slug":"editoriale","status":"publish","type":"page","link":"https:\/\/sportjournal.pictures\/press\/editoriale\/","title":{"rendered":"Lo sport che non si vede"},"content":{"rendered":"<p>Tra flash e sudore, esiste un mondo che non appare nella foto. SportJournal.Pictures riscopre quell\u2019istante invisibile: quello dello spettatore assente, dell\u2019atleta anonimo, del gesto che dura un battito di ciglia.<\/p>\n<p>In un\u2019epoca in cui i record si trasmettono in diretta e le medaglie diventano meme in pochi secondi, ricordare che lo sport \u00e8 anche umanit\u00e0 suona quasi sovversivo. Ma \u00e8 proprio questa la scommessa di SportJournal.pictures: guardare oltre il podio, rimettere a fuoco ci\u00f2 che si \u00e8 perso tra un applauso e l\u2019altro.<\/p>\n<p>Le immagini che presentiamo non sono state scelte per glorificare i campioni n\u00e9 per decorare vetrine digitali. Sono state selezionate perch\u00e9 raccontano \u2014senza parole\u2014 ci\u00f2 che i numeri non registrano: l\u2019emozione dell\u2019istante. Quel punto sospeso tra lo sforzo e la speranza in cui il corpo e la macchina fotografica si riconoscono.<\/p>\n<p>Il vero valore dello sport non sta solo nel risultato, ma nella somma dei suoi piccoli gesti. Nel bambino che corre dietro a un pallone che non raggiunge mai, nella nuotatrice che guarda il cronometro sapendo di essere arrivata tardi per un soffio, nello stadio antico che ancora profuma d\u2019epica.<\/p>\n<p>Il professionista stupisce; l\u2019amatore commuove. Il primo lascia record; il secondo lascia umanit\u00e0. Ed \u00e8 l\u00ec che la fotografia sportiva smette di essere testimone per diventare interprete: traduce in luce ci\u00f2 che l\u2019anima ha sentito.<\/p>\n<p>Questo numero vuole essere un omaggio a coloro che non sono mai finiti in copertina, ma hanno riempito le tribune, i campi di periferia, i tornei della domenica. A chi non si allena per contratto, ma per vocazione.<\/p>\n<p>Perch\u00e9 lo sport \u2014come la vita\u2014 non si misura solo in vittorie, ma in partecipazione. E in ogni scatto c\u2019\u00e8 un applauso che non si \u00e8 sentito, ma continua a risuonare.<\/p>\n<p>In definitiva, Sport Journal non mostra solo corpi in movimento: mostra il respiro di un Paese che, tra sudore e polvere, continua a correre anche quando nessuno lo guarda.<\/p>\n<p>Guzzo Photos &#038; Graphic Publications<br \/>\nProduzione grafica: <a href=\"http:\/\/pirunel.tel\" target=\"_blank\" rel=\"noopener noreferrer\">Pirunel<\/a><\/p>\n","protected":false},"excerpt":{"rendered":"<p>Tra flash e sudore, esiste un mondo che non appare nella foto. SportJournal.Pictures riscopre quell\u2019istante invisibile: quello dello spettatore assente, dell\u2019atleta anonimo, del gesto che&#8230;<\/p>\n","protected":false},"author":1,"featured_media":0,"parent":0,"menu_order":0,"comment_status":"closed","ping_status":"open","template":"","meta":{"footnotes":"","_links_to":"","_links_to_target":""},"class_list":["post-2","page","type-page","status-publish","hentry","entry","rows"],"yoast_head":"<!-- This site is optimized with the Yoast SEO plugin v26.9 - https:\/\/yoast.com\/product\/yoast-seo-wordpress\/ -->\n<title>Lo sport che non si vede - Sport Journal Pictures<\/title>\n<meta name=\"robots\" content=\"index, follow, max-snippet:-1, max-image-preview:large, max-video-preview:-1\" \/>\n<link rel=\"canonical\" href=\"https:\/\/sportjournal.pictures\/press\/editoriale\/\" \/>\n<meta property=\"og:locale\" content=\"es_ES\" \/>\n<meta property=\"og:type\" content=\"article\" \/>\n<meta property=\"og:title\" content=\"Lo sport che non si vede - Sport Journal Pictures\" \/>\n<meta property=\"og:description\" content=\"Tra flash e sudore, esiste un mondo che non appare nella foto. SportJournal.Pictures riscopre quell\u2019istante invisibile: quello dello spettatore assente, dell\u2019atleta anonimo, del gesto che&#8230;\" \/>\n<meta property=\"og:url\" content=\"https:\/\/sportjournal.pictures\/press\/editoriale\/\" \/>\n<meta property=\"og:site_name\" content=\"Sport Journal Pictures\" \/>\n<meta property=\"article:modified_time\" content=\"2025-11-06T20:30:32+00:00\" \/>\n<meta name=\"twitter:card\" content=\"summary_large_image\" \/>\n<meta name=\"twitter:label1\" content=\"Tiempo de lectura\" \/>\n\t<meta name=\"twitter:data1\" content=\"2 minutos\" \/>\n<script type=\"application\/ld+json\" class=\"yoast-schema-graph\">{\"@context\":\"https:\/\/schema.org\",\"@graph\":[{\"@type\":\"WebPage\",\"@id\":\"https:\/\/sportjournal.pictures\/press\/editoriale\/\",\"url\":\"https:\/\/sportjournal.pictures\/press\/editoriale\/\",\"name\":\"Lo sport che non si vede - Sport Journal Pictures\",\"isPartOf\":{\"@id\":\"https:\/\/sportjournal.pictures\/press\/#website\"},\"datePublished\":\"2020-01-19T23:23:17+00:00\",\"dateModified\":\"2025-11-06T20:30:32+00:00\",\"breadcrumb\":{\"@id\":\"https:\/\/sportjournal.pictures\/press\/editoriale\/#breadcrumb\"},\"inLanguage\":\"es\",\"potentialAction\":[{\"@type\":\"ReadAction\",\"target\":[\"https:\/\/sportjournal.pictures\/press\/editoriale\/\"]}]},{\"@type\":\"BreadcrumbList\",\"@id\":\"https:\/\/sportjournal.pictures\/press\/editoriale\/#breadcrumb\",\"itemListElement\":[{\"@type\":\"ListItem\",\"position\":1,\"name\":\"Home\",\"item\":\"https:\/\/sportjournal.pictures\/press\/\"},{\"@type\":\"ListItem\",\"position\":2,\"name\":\"Lo sport che non si vede\"}]},{\"@type\":\"WebSite\",\"@id\":\"https:\/\/sportjournal.pictures\/press\/#website\",\"url\":\"https:\/\/sportjournal.pictures\/press\/\",\"name\":\"Sport Journal Pictures\",\"description\":\"Got a Passion for Sport Action? Here You Are!\",\"publisher\":{\"@id\":\"https:\/\/sportjournal.pictures\/press\/#organization\"},\"potentialAction\":[{\"@type\":\"SearchAction\",\"target\":{\"@type\":\"EntryPoint\",\"urlTemplate\":\"https:\/\/sportjournal.pictures\/press\/?s={search_term_string}\"},\"query-input\":{\"@type\":\"PropertyValueSpecification\",\"valueRequired\":true,\"valueName\":\"search_term_string\"}}],\"inLanguage\":\"es\"},{\"@type\":\"Organization\",\"@id\":\"https:\/\/sportjournal.pictures\/press\/#organization\",\"name\":\"Guzzo Photos & Graphic Publications\",\"url\":\"https:\/\/sportjournal.pictures\/press\/\",\"logo\":{\"@type\":\"ImageObject\",\"inLanguage\":\"es\",\"@id\":\"https:\/\/sportjournal.pictures\/press\/#\/schema\/logo\/image\/\",\"url\":\"https:\/\/sportjournal.pictures\/press\/images\/2020\/01\/cropped-sportjournalpictures.png\",\"contentUrl\":\"https:\/\/sportjournal.pictures\/press\/images\/2020\/01\/cropped-sportjournalpictures.png\",\"width\":237,\"height\":113,\"caption\":\"Guzzo Photos & Graphic Publications\"},\"image\":{\"@id\":\"https:\/\/sportjournal.pictures\/press\/#\/schema\/logo\/image\/\"}}]}<\/script>\n<!-- \/ Yoast SEO plugin. -->","yoast_head_json":{"title":"Lo sport che non si vede - Sport Journal Pictures","robots":{"index":"index","follow":"follow","max-snippet":"max-snippet:-1","max-image-preview":"max-image-preview:large","max-video-preview":"max-video-preview:-1"},"canonical":"https:\/\/sportjournal.pictures\/press\/editoriale\/","og_locale":"es_ES","og_type":"article","og_title":"Lo sport che non si vede - Sport Journal Pictures","og_description":"Tra flash e sudore, esiste un mondo che non appare nella foto. SportJournal.Pictures riscopre quell\u2019istante invisibile: quello dello spettatore assente, dell\u2019atleta anonimo, del gesto che&#8230;","og_url":"https:\/\/sportjournal.pictures\/press\/editoriale\/","og_site_name":"Sport Journal Pictures","article_modified_time":"2025-11-06T20:30:32+00:00","twitter_card":"summary_large_image","twitter_misc":{"Tiempo de lectura":"2 minutos"},"schema":{"@context":"https:\/\/schema.org","@graph":[{"@type":"WebPage","@id":"https:\/\/sportjournal.pictures\/press\/editoriale\/","url":"https:\/\/sportjournal.pictures\/press\/editoriale\/","name":"Lo sport che non si vede - Sport Journal Pictures","isPartOf":{"@id":"https:\/\/sportjournal.pictures\/press\/#website"},"datePublished":"2020-01-19T23:23:17+00:00","dateModified":"2025-11-06T20:30:32+00:00","breadcrumb":{"@id":"https:\/\/sportjournal.pictures\/press\/editoriale\/#breadcrumb"},"inLanguage":"es","potentialAction":[{"@type":"ReadAction","target":["https:\/\/sportjournal.pictures\/press\/editoriale\/"]}]},{"@type":"BreadcrumbList","@id":"https:\/\/sportjournal.pictures\/press\/editoriale\/#breadcrumb","itemListElement":[{"@type":"ListItem","position":1,"name":"Home","item":"https:\/\/sportjournal.pictures\/press\/"},{"@type":"ListItem","position":2,"name":"Lo sport che non si vede"}]},{"@type":"WebSite","@id":"https:\/\/sportjournal.pictures\/press\/#website","url":"https:\/\/sportjournal.pictures\/press\/","name":"Sport Journal Pictures","description":"Got a Passion for Sport Action? Here You Are!","publisher":{"@id":"https:\/\/sportjournal.pictures\/press\/#organization"},"potentialAction":[{"@type":"SearchAction","target":{"@type":"EntryPoint","urlTemplate":"https:\/\/sportjournal.pictures\/press\/?s={search_term_string}"},"query-input":{"@type":"PropertyValueSpecification","valueRequired":true,"valueName":"search_term_string"}}],"inLanguage":"es"},{"@type":"Organization","@id":"https:\/\/sportjournal.pictures\/press\/#organization","name":"Guzzo Photos & Graphic Publications","url":"https:\/\/sportjournal.pictures\/press\/","logo":{"@type":"ImageObject","inLanguage":"es","@id":"https:\/\/sportjournal.pictures\/press\/#\/schema\/logo\/image\/","url":"https:\/\/sportjournal.pictures\/press\/images\/2020\/01\/cropped-sportjournalpictures.png","contentUrl":"https:\/\/sportjournal.pictures\/press\/images\/2020\/01\/cropped-sportjournalpictures.png","width":237,"height":113,"caption":"Guzzo Photos & Graphic Publications"},"image":{"@id":"https:\/\/sportjournal.pictures\/press\/#\/schema\/logo\/image\/"}}]}},"_links":{"self":[{"href":"https:\/\/sportjournal.pictures\/press\/wp-json\/wp\/v2\/pages\/2","targetHints":{"allow":["GET"]}}],"collection":[{"href":"https:\/\/sportjournal.pictures\/press\/wp-json\/wp\/v2\/pages"}],"about":[{"href":"https:\/\/sportjournal.pictures\/press\/wp-json\/wp\/v2\/types\/page"}],"author":[{"embeddable":true,"href":"https:\/\/sportjournal.pictures\/press\/wp-json\/wp\/v2\/users\/1"}],"replies":[{"embeddable":true,"href":"https:\/\/sportjournal.pictures\/press\/wp-json\/wp\/v2\/comments?post=2"}],"version-history":[{"count":0,"href":"https:\/\/sportjournal.pictures\/press\/wp-json\/wp\/v2\/pages\/2\/revisions"}],"wp:attachment":[{"href":"https:\/\/sportjournal.pictures\/press\/wp-json\/wp\/v2\/media?parent=2"}],"curies":[{"name":"wp","href":"https:\/\/api.w.org\/{rel}","templated":true}]}}